{"id":1161,"date":"2015-12-04T19:57:48","date_gmt":"2015-12-04T18:57:48","guid":{"rendered":"https:\/\/swarafulk.de\/impressum-kontakt\/"},"modified":"2018-04-20T02:27:47","modified_gmt":"2018-04-20T00:27:47","slug":"impressum-kontakt","status":"publish","type":"page","link":"https:\/\/swarafulk.de\/en\/impressum-kontakt\/","title":{"rendered":"Imprint &#038; Contact"},"content":{"rendered":"<p><em>&#8220;We delight to live after the law of the Romans, whom we seek to defend with our arms and we sre as much interested in the maintenance of morality as to we can in war.&#8221;&nbsp; <\/em>Theoderich in Cassiodors Variae Book&nbsp;III, 43<\/p>\n<p><a href=\"http:\/\/swarafulk.de\/wp-content\/uploads\/2016\/10\/13975459_1213257752071768_2193421056676787061_o.jpg\" data-mce-href=\"http:\/\/swarafulk.de\/wp-content\/uploads\/2016\/10\/13975459_1213257752071768_2193421056676787061_o.jpg\"><img loading=\"lazy\" decoding=\"async\" class=\"size-medium wp-image-916 aligncenter\" src=\"http:\/\/swarafulk.de\/wp-content\/uploads\/2016\/10\/13975459_1213257752071768_2193421056676787061_o-300x200.jpg\" alt=\"13975459_1213257752071768_2193421056676787061_o\" data-headline=\"13975459_1213257752071768_2193421056676787061_o\" data-mce-src=\"http:\/\/swarafulk.de\/wp-content\/uploads\/2016\/10\/13975459_1213257752071768_2193421056676787061_o-300x200.jpg\" width=\"300\" height=\"200\" srcset=\"https:\/\/swarafulk.de\/wp-content\/uploads\/2016\/10\/13975459_1213257752071768_2193421056676787061_o-300x200.jpg 300w, https:\/\/swarafulk.de\/wp-content\/uploads\/2016\/10\/13975459_1213257752071768_2193421056676787061_o-768x512.jpg 768w, https:\/\/swarafulk.de\/wp-content\/uploads\/2016\/10\/13975459_1213257752071768_2193421056676787061_o-1080x720.jpg 1080w, https:\/\/swarafulk.de\/wp-content\/uploads\/2016\/10\/13975459_1213257752071768_2193421056676787061_o-1024x683.jpg 1024w, https:\/\/swarafulk.de\/wp-content\/uploads\/2016\/10\/13975459_1213257752071768_2193421056676787061_o.jpg 2048w\" sizes=\"(max-width: 300px) 100vw, 300px\" \/><\/a><strong>Imprint:<\/strong><\/p>\n<p><span lang=\"en\">Information after<\/span>&nbsp;\u00a7 5 TMG:<\/p>\n<p>Maximilian Streibl<br \/> Rathausplatz 9<br \/> 84405 Dorfen<\/p>\n<p><strong>Contact:<\/strong><\/p>\n<p>info@swarafulk.de<\/p>\n<p><strong>Facebook:<\/strong><a href=\"https:\/\/www.facebook.com\/swarafulk\/\" target=\"_blank\" rel=\"noopener noreferrer\" data-mce-href=\"https:\/\/www.facebook.com\/swarafulk\/\">&nbsp;&nbsp;&nbsp;<\/a><br data-mce-bogus=\"1\"><\/p>\n<p><a href=\"https:\/\/www.facebook.com\/swarafulk\/\" target=\"_blank\" rel=\"noopener noreferrer\" data-mce-href=\"https:\/\/www.facebook.com\/swarafulk\/\">&nbsp;&nbsp;<\/a><a href=\"https:\/\/www.facebook.com\/swarafulk\/\" target=\"_blank\" rel=\"noopener noreferrer\" data-mce-href=\"https:\/\/www.facebook.com\/swarafulk\/\"><img loading=\"lazy\" decoding=\"async\" class=\"alignnone wp-image-952\" src=\"http:\/\/swarafulk.de\/wp-content\/uploads\/2016\/10\/images.jpg\" alt=\"images\" data-headline=\"images\" data-mce-src=\"http:\/\/swarafulk.de\/wp-content\/uploads\/2016\/10\/images.jpg\" width=\"107\" height=\"139\"><\/a>&nbsp;&nbsp; to our Facebook page<\/p>\n<p><strong><span lang=\"en\">Responsible for the content after<\/span> \u00a7 55 Abs. 2 RStV:<\/strong><\/p>\n<p>Maximilian Streibl<br \/> Rathausplatz 9<br \/> 84405 Dorfen<\/p>\n<p><strong>N<span lang=\"en\">ote of thanks<\/span>:<\/strong><\/p>\n<p>We thank Jan Menzel&nbsp;and the&nbsp;Fotofreunden-Straubing for the great pictures.<\/p>\n<p><strong>Haftungsausschluss (Disclaimer)<\/strong><\/p>\n<p>1. Haftungsbeschr\u00e4nkung<br \/> Die Inhalte des Internetauftritts wurden mit gr\u00f6\u00dftm\u00f6glicher Sorgfalt und nach bestem Gewissen erstellt. Dennoch \u00fcbernimmt der Anbieter dieser Webseite keine Gew\u00e4hr f\u00fcr die Aktualit\u00e4t, Vollst\u00e4ndigkeit und Richtigkeit der bereitgestellten Seiten und Inhalte.<\/p>\n<p>Als Diensteanbieter ist der Anbieter dieser Webseite gem\u00e4\u00df \u00a7 7 Abs. 1 TMG f\u00fcr eigene Inhalte und bereitgestellte Informationen auf diesen Seiten nach den allgemeinen Gesetzen verantwortlich; nach den \u00a7\u00a7 8 bis 10 TMG jedoch nicht verpflichtet, die \u00fcbermittelten oder gespeicherten fremden Informationen zu \u00fcberwachen. Eine Entfernung oder Sperrung dieser Inhalte erfolgt umgehend ab dem Zeitpunkt der Kenntnis einer konkreten Rechtsverletzung. Eine Haftung ist erst ab dem Zeitpunkt der Kenntniserlangung m\u00f6glich.<\/p>\n<p>2. Externe Links<br \/> Die Webseite enth\u00e4lt sog. \u201eexterne Links\u201c (Verlinkungen) zu anderen Webseiten, auf deren Inhalt der Anbieter der Webseite keinen Einfluss hat. Aus diesem Grund kann der Anbieter f\u00fcr diese Inhalte auch keine Gew\u00e4hr \u00fcbernehmen.<br \/> F\u00fcr die Inhalte und Richtigkeit der bereitgestellten Informationen ist der jeweilige Anbieter der verlinkten Webseite verantwortlich. Zum Zeitpunkt der Verlinkung waren keine Rechtsverst\u00f6\u00dfe erkennbar. Bei Bekanntwerden einer solchen Rechtsverletzung wird der Link umgehend entfernen.<\/p>\n<p>3. Urheberrecht\/Leistungsschutzrecht<br \/> Die auf dieser Webseite ver\u00f6ffentlichten Inhalte, Werke und bereitgestellten Informationen unterliegen dem deutschen Urheberrecht und Leistungsschutzrecht. Jede Art der Vervielf\u00e4ltigung, Bearbeitung, Verbreitung, Einspeicherung und jede Art der Verwertung au\u00dferhalb der Grenzen des Urheberrechts bedarf der vorherigen schriftlichen Zustimmung des jeweiligen Rechteinhabers. Das unerlaubte Kopieren\/Speichern der bereitgestellten Informationen auf diesen Webseiten ist nicht gestattet und strafbar.<\/p>\n<p>4. Datenschutz<br \/> Durch den Besuch des Internetauftritts k\u00f6nnen Informationen (Datum, Uhrzeit, aufgerufene Seite) \u00fcber den Zugriff auf dem Server gespeichert werden. Es werden keine personenbezogenen (z. B. Name, Anschrift oder E-Mail-Adresse) Daten, gespeichert.<\/p>\n<p>Sofern personenbezogene Daten erhoben werden, erfolgt dies, sofern m\u00f6glich, nur mit dem vorherigen Einverst\u00e4ndnis des Nutzers der Webseite. Eine Weitergabe der Daten an Dritte findet ohne ausdr\u00fcckliche Zustimmung des Nutzers nicht statt.<\/p>\n<p>Der Anbieter weist darauf hin, dass die \u00dcbertragung von Daten im Internet (z. B. per E-Mail) Sicherheitsl\u00fccken aufweisen und ein l\u00fcckenloser Schutz der Daten vor dem Zugriff Dritter nicht gew\u00e4hrleistet werden kann. Der Anbieter \u00fcbernimmt keine Haftung f\u00fcr die durch solche Sicherheitsl\u00fccken entstandenen Sch\u00e4den.<\/p>\n<p>Der Verwendung der Kontaktdaten durch Dritte zur gewerblichen Nutzung wird ausdr\u00fccklich widersprochen. Es sei denn, der Anbieter hat zuvor seine schriftliche Einwilligung erteilt.<br \/> Der Anbieter beh\u00e4lt sich rechtliche Schritte f\u00fcr den Fall der unverlangten Zusendung von Werbeinformationen, z. B. durch Spam-Mails, vor. Quelle: Disclaimer-Muster<\/p>\n<p><strong>Webdesign &amp; Hosting:<\/strong><\/p>\n<p>angusmedia:<\/p>\n<p><a href=\"http:\/\/angusmedia.net\/\" target=\"_blank\" rel=\"noopener noreferrer\" data-mce-href=\"http:\/\/angusmedia.net\/\"><img loading=\"lazy\" decoding=\"async\" class=\"alignnone wp-image-956\" src=\"http:\/\/swarafulk.de\/wp-content\/uploads\/2016\/10\/angus-schild-kissenbezug.jpg\" alt=\"angus-schild-kissenbezug\" data-headline=\"angus-schild-kissenbezug\" data-mce-src=\"http:\/\/swarafulk.de\/wp-content\/uploads\/2016\/10\/angus-schild-kissenbezug.jpg\" width=\"124\" height=\"170\"><\/a>&nbsp; to <a href=\"http:\/\/angusmedia.com\" target=\"_blank\" rel=\"noopener noreferrer\" data-mce-href=\"http:\/\/angusmedia.com\">angusmedia.com<\/a><br data-mce-bogus=\"1\"><\/p>\n<p><br data-mce-bogus=\"1\"><\/p>\n<p><br data-mce-bogus=\"1\"><\/p>\n","protected":false},"excerpt":{"rendered":"<p>&#8220;We delight to live after the law of the Romans, whom we seek to defend with our arms and we sre as much interested in the maintenance of morality as [&hellip;]<\/p>\n","protected":false},"author":1,"featured_media":0,"parent":0,"menu_order":8,"comment_status":"closed","ping_status":"closed","template":"","meta":{"_bbp_topic_count":0,"_bbp_reply_count":0,"_bbp_total_topic_count":0,"_bbp_total_reply_count":0,"_bbp_voice_count":0,"_bbp_anonymous_reply_count":0,"_bbp_topic_count_hidden":0,"_bbp_reply_count_hidden":0,"_bbp_forum_subforum_count":0,"_et_pb_use_builder":"on","_et_pb_old_content":"<h2><em>\"Wir freuen uns, dass die gem\u00e4\u00df dem r\u00f6mischen Recht leben, die wir mit Waffen zu sch\u00fctzen w\u00fcnschen, und nicht \u00a0geringer ist unsere Sorge um sittliche Angelegenheiten, als sie um milit\u00e4rische sein k\u00f6nnte\"<\/em><\/h2>\r\n<h2 style=\"text-align: right;\">\u00a0\u00a0\u00a0\u00a0\u00a0\u00a0\u00a0\u00a0\u00a0\u00a0\u00a0\u00a0\u00a0\u00a0\u00a0 Theoderich in Cassiodors Variae Buch\u00a0III, 43<\/h2>\r\n<h5><a href=\"http:\/\/swarafulk.de\/wp-content\/uploads\/2016\/10\/13975459_1213257752071768_2193421056676787061_o.jpg\"><img class=\"size-medium wp-image-916 aligncenter\" src=\"http:\/\/swarafulk.de\/wp-content\/uploads\/2016\/10\/13975459_1213257752071768_2193421056676787061_o-300x200.jpg\" alt=\"13975459_1213257752071768_2193421056676787061_o\" width=\"300\" height=\"200\" data-headline=\"13975459_1213257752071768_2193421056676787061_o\" \/><\/a><\/h5>\r\n<h5>Impressum:<\/h5>\r\n<h5>Angaben gem\u00e4\u00df \u00a7 5 TMG:<\/h5>\r\n<h5>Maximilian Streibl\r\nRathausplatz 9\r\n84405 Dorfen<\/h5>\r\n<h5>Kontakt:<\/h5>\r\n<h5>info@swarafulk.de<\/h5>\r\n<h5>Facebook:<a href=\"https:\/\/www.facebook.com\/swarafulk\/\" target=\"_blank\" rel=\"noopener noreferrer\">\u00a0\u00a0\u00a0<\/a><\/h5>\r\n<h5><a href=\"https:\/\/www.facebook.com\/swarafulk\/\" target=\"_blank\" rel=\"noopener noreferrer\">\u00a0\u00a0<\/a><a href=\"https:\/\/www.facebook.com\/swarafulk\/\" target=\"_blank\" rel=\"noopener noreferrer\"><img class=\"alignnone wp-image-952\" src=\"http:\/\/swarafulk.de\/wp-content\/uploads\/2016\/10\/images.jpg\" alt=\"images\" width=\"107\" height=\"139\" data-headline=\"images\" \/><\/a><\/h5>\r\n\u00a0\r\n<h5>Verantwortlich f\u00fcr den Inhalt nach \u00a7 55 Abs. 2 RStV:<\/h5>\r\n<h5>Maximilian Streibl\r\nRathausplatz 9\r\n84405 Dorfen<\/h5>\r\n\u00a0\r\n<h5>Danksagung:<\/h5>\r\n<h5>Wir bedanken uns bei Jan Menzel, Adolf Achtsnit\u00a0und den Fotofreunden-Straubing f\u00fcr\u00a0die tollen Bilder.<\/h5>\r\n\u00a0\r\n<h5>Haftungsbeschr\u00e4nkung<\/h5>\r\nDie Inhalte des Internetauftritts wurden mit gr\u00f6\u00dftm\u00f6glicher Sorgfalt und nach bestem Gewissen erstellt. Dennoch \u00fcbernimmt der Anbieter dieser Webseite keine Gew\u00e4hr f\u00fcr die Aktualit\u00e4t, Vollst\u00e4ndigkeit und Richtigkeit der bereitgestellten Seiten und Inhalte. Als Diensteanbieter ist der Anbieter dieser Webseite gem\u00e4\u00df \u00a7 7 Abs. 1 TMG f\u00fcr eigene Inhalte und bereitgestellte Informationen auf diesen Seiten nach den allgemeinen Gesetzen verantwortlich; nach den \u00a7\u00a7 8 bis 10 TMG jedoch nicht verpflichtet, die \u00fcbermittelten oder gespeicherten fremden Informationen zu \u00fcberwachen. Eine Entfernung oder Sperrung dieser Inhalte erfolgt umgehend ab dem Zeitpunkt der Kenntnis einer konkreten Rechtsverletzung. Eine Haftung ist erst ab dem Zeitpunkt der Kenntniserlangung m\u00f6glich.\r\n<h5>Externe Links<\/h5>\r\nDie Webseite enth\u00e4lt sog. \u201eexterne Links\u201c (Verlinkungen) zu anderen Webseiten, auf deren Inhalt der Anbieter der Webseite keinen Einfluss hat. Aus diesem Grund kann der Anbieter f\u00fcr diese Inhalte auch keine Gew\u00e4hr \u00fcbernehmen. F\u00fcr die Inhalte und Richtigkeit der bereitgestellten Informationen ist der jeweilige Anbieter der verlinkten Webseite verantwortlich. Zum Zeitpunkt der Verlinkung waren keine Rechtsverst\u00f6\u00dfe erkennbar. Bei Bekanntwerden einer solchen Rechtsverletzung wird der Link umgehend entfernen.\r\n<h5>Urheberrecht\/Leistungsschutzrecht<\/h5>\r\nDie auf dieser Webseite ver\u00f6ffentlichten Inhalte, Werke und bereitgestellten Informationen unterliegen dem deutschen Urheberrecht und Leistungsschutzrecht. Jede Art der Vervielf\u00e4ltigung, Bearbeitung, Verbreitung, Einspeicherung und jede Art der Verwertung au\u00dferhalb der Grenzen des Urheberrechts bedarf der vorherigen schriftlichen Zustimmung des jeweiligen Rechteinhabers. Das unerlaubte Kopieren\/Speichern der bereitgestellten Informationen auf diesen Webseiten ist nicht gestattet und strafbar.\r\n<h5>Datenschutzerkl\u00e4rung<\/h5>\r\nWir freuen uns \u00fcber Ihr Interesse an unserer Website. Der Schutz Ihrer Privatsph\u00e4re ist f\u00fcr uns sehr wichtig. Nachstehend informieren wir Sie ausf\u00fchrlich \u00fcber den Umgang mit Ihren Daten. Speicherung von Zugriffsdaten in Server-Logfiles Sie k\u00f6nnen unsere Webseiten besuchen, ohne Angaben zu Ihrer Person zu machen. Wir speichern lediglich Zugriffsdaten in sogenannten Server-Logfiles, wie z.B. den Namen der angeforderten Datei, Datum und Uhrzeit des Abrufs, \u00fcbertragene Datenmenge und den anfragenden Provider. Diese Daten werden ausschlie\u00dflich zur Sicherstellung eines st\u00f6rungsfreien Betriebs der Seite und zur Verbesserung unseres Angebots ausgewertet und erlauben uns keinen R\u00fcckschluss auf Ihre Person. Datenerhebung und -verwendung zur Vertragsabwicklung Wir erheben personenbezogene Daten, wenn Sie uns diese im Rahmen einer Kontaktaufnahme mit uns (z.B. per G\u00e4stebucheintrag oder E-Mail) freiwillig mitteilen. Welche Daten erhoben werden, ist aus den jeweiligen Eingabeformularen ersichtlich. Wir verwenden die von ihnen mitgeteilten Daten zur Bearbeitung Ihrer Anfragen. Nach vollst\u00e4ndiger Abwicklung des Vorganges werden Ihre Daten f\u00fcr die weitere Verwendung gesperrt und nach Ablauf der steuer- und handelsrechtlichen Aufbewahrungsfristen gel\u00f6scht, sofern Sie nicht ausdr\u00fccklich in eine weitere Nutzung Ihrer Daten eingewilligt haben oder wir uns eine dar\u00fcber hinausgehende Datenverwendung vorbehalten, die gesetzlich erlaubt ist und \u00fcber die wir Sie nachstehend informieren. Verwendung von Cookies Um den Besuch unserer Website attraktiv zu gestalten und die Nutzung bestimmter Funktionen zu erm\u00f6glichen, verwenden wir auf verschiedenen Seiten sogenannte Cookies. Hierbei handelt es sich um kleine Textdateien, die auf Ihrem Endger\u00e4t gespeichert werden. Einige der von uns verwendeten Cookies werden nach Ende der Browser-Sitzung, also nach Schlie\u00dfen Ihres Browsers, wieder gel\u00f6scht (sog. Sitzungs-Cookies). Andere Cookies verbleiben auf Ihrem Endger\u00e4t und erm\u00f6glichen uns, Ihren Browser beim n\u00e4chsten Besuch wiederzuerkennen (persistente Cookies). Sie k\u00f6nnen Ihren Browser so einstellen, dass Sie \u00fcber das Setzen von Cookies informiert werden und einzeln \u00fcber deren Annahme entscheiden oder die Annahme von Cookies f\u00fcr bestimmte F\u00e4lle oder generell ausschlie\u00dfen. Bei der Nichtannahme von Cookies kann die Funktionalit\u00e4t unserer Website eingeschr\u00e4nkt sein. Auskunftsrecht und Kontaktm\u00f6glichkeit Sie haben ein Recht auf unentgeltliche Auskunft \u00fcber die bei uns zu Ihrer Person gespeicherten Daten sowie ggf. ein Recht auf Berichtigung, Sperrung oder L\u00f6schung dieser Daten. Bei Fragen zur Erhebung, Verarbeitung oder Nutzung Ihrer personenbezogenen Daten, bei Ausk\u00fcnften, Berichtigung, Sperrung oder L\u00f6schung von Daten sowie Widerruf ggf. erteilter Einwilligungen oder Widerspruch gegen eine bestimmte Datenverwendung wenden Sie sich bitte an uns. Die Kontaktdaten finden Sie in unserem Impressum.\r\n<h5>Webdesign & Hosting:<\/h5>\r\n<h5>angusmedia:<\/h5>\r\n<a href=\"http:\/\/angusmedia.de\/\" target=\"_blank\" rel=\"noopener noreferrer\"><img class=\"alignnone wp-image-956\" src=\"http:\/\/swarafulk.de\/wp-content\/uploads\/2016\/10\/angus-schild-kissenbezug.jpg\" alt=\"angus-schild-kissenbezug\" width=\"124\" height=\"170\" data-headline=\"angus-schild-kissenbezug\" \/><\/a>\u00a0 zu <a href=\"http:\/\/angusmedia.de\" target=\"_blank\" rel=\"noopener noreferrer\">angusmedia.de<\/a>","_et_gb_content_width":"","footnotes":""},"class_list":["post-1161","page","type-page","status-publish","hentry"],"_links":{"self":[{"href":"https:\/\/swarafulk.de\/en\/wp-json\/wp\/v2\/pages\/1161","targetHints":{"allow":["GET"]}}],"collection":[{"href":"https:\/\/swarafulk.de\/en\/wp-json\/wp\/v2\/pages"}],"about":[{"href":"https:\/\/swarafulk.de\/en\/wp-json\/wp\/v2\/types\/page"}],"author":[{"embeddable":true,"href":"https:\/\/swarafulk.de\/en\/wp-json\/wp\/v2\/users\/1"}],"replies":[{"embeddable":true,"href":"https:\/\/swarafulk.de\/en\/wp-json\/wp\/v2\/comments?post=1161"}],"version-history":[{"count":0,"href":"https:\/\/swarafulk.de\/en\/wp-json\/wp\/v2\/pages\/1161\/revisions"}],"wp:attachment":[{"href":"https:\/\/swarafulk.de\/en\/wp-json\/wp\/v2\/media?parent=1161"}],"curies":[{"name":"wp","href":"https:\/\/api.w.org\/{rel}","templated":true}]}}