{"id":1138,"date":"2015-11-21T01:31:13","date_gmt":"2015-11-21T00:31:13","guid":{"rendered":"https:\/\/swarafulk.de\/kampf\/"},"modified":"2017-08-21T20:14:11","modified_gmt":"2017-08-21T18:14:11","slug":"kampf","status":"publish","type":"page","link":"https:\/\/swarafulk.de\/en\/kampf\/","title":{"rendered":"Combat"},"content":{"rendered":"<p>[et_pb_section bb_built=&#8221;1&#8243; fullwidth=&#8221;off&#8221; specialty=&#8221;off&#8221;][et_pb_row][et_pb_column type=&#8221;4_4&#8243;][et_pb_text admin_label=&#8221;Kampf&#8221; _builder_version=&#8221;3.0.69&#8243; background_layout=&#8221;light&#8221; text_orientation=&#8221;left&#8221; border_style=&#8221;solid&#8221;]<\/p>\n<h1>Combat<\/h1>\n<p>&nbsp;[\/et_pb_text][et_pb_text admin_label=&#8221;Text %22F\u00fchrt Eure Jungscharen in das Kriegshandwerk ein, unter E&#8221; _builder_version=&#8221;3.0.69&#8243; background_layout=&#8221;light&#8221; text_orientation=&#8221;left&#8221; border_style=&#8221;solid&#8221;]<\/p>\n<blockquote><p><em>\u201cBring forth your young men for the discipline of Mars. Let them see you do deeds which they may love to tell of to their children!\u201d<\/em> Theoderich in Cassiodors Variae Book I, 24<\/p><\/blockquote>\n<p>[\/et_pb_text][et_pb_text admin_label=&#8221;Text Unsere Fertigkeiten im Kampf \u00fcben wir in regelm\u00e4\u00dfigen Trainings. &#8221; _builder_version=&#8221;3.0.69&#8243; background_layout=&#8221;light&#8221; text_orientation=&#8221;left&#8221; border_style=&#8221;solid&#8221;]Our skills in fighting are exercised in frequent trainings. We are always anxiously for a fair and safe fighting, winning is second-rated.[\/et_pb_text][et_pb_gallery _builder_version=&#8221;3.0.69&#8243; show_title_and_caption=&#8221;off&#8221; show_pagination=&#8221;off&#8221; gallery_ids=&#8221;906,44,907,925,676,677&#8243; fullwidth=&#8221;off&#8221; orientation=&#8221;landscape&#8221; zoom_icon_color=&#8221;#2ea3f2&#8243; hover_overlay_color=&#8221;rgba(255,255,255,0.9)&#8221; background_layout=&#8221;light&#8221; border_style=&#8221;solid&#8221; custom_css_gallery_item=&#8221;margin: 0 !important;||clear: none !important;||width: 33.33% !important;&#8221; auto=&#8221;off&#8221; posts_number=&#8221;50&#8243; \/][et_pb_text admin_label=&#8221;Auch in der Feldschlacht sind wir um Authentizit\u00e4t bem\u00fc&#8221; _builder_version=&#8221;3.0.69&#8243; background_layout=&#8221;light&#8221; text_orientation=&#8221;left&#8221; border_style=&#8221;solid&#8221;]In combat we are ealso ndeavored for authenticity and we wear no visible plastic protections, fencing lattice or anachronist armorpieces.[\/et_pb_text][et_pb_gallery _builder_version=&#8221;3.0.69&#8243; show_title_and_caption=&#8221;off&#8221; show_pagination=&#8221;off&#8221; gallery_ids=&#8221;911,45,1350,1341&#8243; fullwidth=&#8221;off&#8221; orientation=&#8221;landscape&#8221; zoom_icon_color=&#8221;#2ea3f2&#8243; hover_overlay_color=&#8221;rgba(255,255,255,0.9)&#8221; background_layout=&#8221;light&#8221; border_style=&#8221;solid&#8221; custom_css_gallery_item=&#8221;margin: 0 !important;||clear: none !important;||width: 25% !important;&#8221; auto=&#8221;off&#8221; posts_number=&#8221;50&#8243; \/][\/et_pb_column][\/et_pb_row][\/et_pb_section]<\/p>\n","protected":false},"excerpt":{"rendered":"<p><div class=\"et_pb_row et_pb_row_0 et_pb_row_empty\">\n\t\t\t\t\n\t\t\t\t\n\t\t\t\t\n\t\t\t\t\n\t\t\t\t\n\t\t\t<\/div>Combat &nbsp;\u201cBring forth your young men for the discipline of Mars. Let them see you do deeds which they may love to tell of to their children!\u201d Theoderich in Cassiodors [&hellip;]<\/p>\n","protected":false},"author":1,"featured_media":0,"parent":0,"menu_order":4,"comment_status":"closed","ping_status":"closed","template":"","meta":{"_bbp_topic_count":0,"_bbp_reply_count":0,"_bbp_total_topic_count":0,"_bbp_total_reply_count":0,"_bbp_voice_count":0,"_bbp_anonymous_reply_count":0,"_bbp_topic_count_hidden":0,"_bbp_reply_count_hidden":0,"_bbp_forum_subforum_count":0,"_et_pb_use_builder":"on","_et_pb_old_content":"<p><em>\"F\u00fchrt Eure Jungscharen in das Kriegshandwerk ein, unter Eurer F\u00fchrung m\u00f6gen sie sehen, was den Nachkommen zu erz\u00e4hlen sie begierig werden sollen!\"<\/em> Theoderich in Cassiodors Variae Buch\u00a0I, 24<\/p><p>Unsere Fertigkeiten im Kampf \u00fcben wir in regelm\u00e4\u00dfigen Trainings. Wir sind stets um ein faires und sicheres K\u00e4mpfen bem\u00fcht, der Sieg kommt bei uns\u00a0erst an zweiter Stelle.<\/p><p><a href=\"https:\/\/swarafulk.de\/wp-content\/uploads\/2015\/11\/IMG_2324.jpg\" rel=\"attachment wp-att-702\"><img class=\"alignnone wp-image-702\" src=\"https:\/\/swarafulk.de\/wp-content\/uploads\/2015\/11\/IMG_2324-300x200.jpg\" alt=\"IMG_2324\" width=\"194\" height=\"129\" data-headline=\"IMG_2324\" \/><\/a>\u00a0<a href=\"http:\/\/swarafulk.de\/wp-content\/uploads\/2016\/10\/13575926_10201827169158768_7169521912453498902_o.jpg\"><img class=\"alignnone wp-image-911\" src=\"http:\/\/swarafulk.de\/wp-content\/uploads\/2016\/10\/13575926_10201827169158768_7169521912453498902_o-300x200.jpg\" alt=\"13575926_10201827169158768_7169521912453498902_o\" width=\"196\" height=\"131\" data-headline=\"13575926_10201827169158768_7169521912453498902_o\" \/><\/a>\u00a0<a href=\"http:\/\/swarafulk.de\/wp-content\/uploads\/2016\/10\/14352039_1251137131617163_5883666136887096363_o.jpg\"><img class=\"alignnone wp-image-925\" src=\"http:\/\/swarafulk.de\/wp-content\/uploads\/2016\/10\/14352039_1251137131617163_5883666136887096363_o-300x198.jpg\" alt=\"14352039_1251137131617163_5883666136887096363_o\" width=\"198\" height=\"131\" data-headline=\"14352039_1251137131617163_5883666136887096363_o\" \/><\/a><\/p><p>Auch\u00a0in der Feldschlacht\u00a0sind wir um Authentizit\u00e4t bem\u00fcht und tragen keine sichtbaren Kunststoffprotektoren, Fechtgitter oder anachronistische R\u00fcstungsteile.<\/p><p><a href=\"https:\/\/swarafulk.de\/wp-content\/uploads\/2016\/04\/12970854_659690954169708_6836456300501937740_o.jpg\" rel=\"attachment wp-att-676\"><img class=\"alignnone wp-image-676\" src=\"https:\/\/swarafulk.de\/wp-content\/uploads\/2016\/04\/12970854_659690954169708_6836456300501937740_o-300x200.jpg\" alt=\"12970854_659690954169708_6836456300501937740_o\" width=\"321\" height=\"215\" data-headline=\"12970854_659690954169708_6836456300501937740_o\" \/><\/a>\u00a0<a href=\"http:\/\/swarafulk.de\/wp-content\/uploads\/2016\/10\/13317036_10201708430030364_8630477477906124792_o.jpg\"><img class=\"alignnone wp-image-907\" src=\"http:\/\/swarafulk.de\/wp-content\/uploads\/2016\/10\/13317036_10201708430030364_8630477477906124792_o-300x241.jpg\" alt=\"13317036_10201708430030364_8630477477906124792_o\" width=\"266\" height=\"214\" data-headline=\"13317036_10201708430030364_8630477477906124792_o\" \/><\/a><a href=\"https:\/\/swarafulk.de\/wp-content\/uploads\/2015\/11\/JM-9917.jpg\"><br \/> <\/a><\/p>","_et_gb_content_width":"","footnotes":""},"class_list":["post-1138","page","type-page","status-publish","hentry"],"_links":{"self":[{"href":"https:\/\/swarafulk.de\/en\/wp-json\/wp\/v2\/pages\/1138","targetHints":{"allow":["GET"]}}],"collection":[{"href":"https:\/\/swarafulk.de\/en\/wp-json\/wp\/v2\/pages"}],"about":[{"href":"https:\/\/swarafulk.de\/en\/wp-json\/wp\/v2\/types\/page"}],"author":[{"embeddable":true,"href":"https:\/\/swarafulk.de\/en\/wp-json\/wp\/v2\/users\/1"}],"replies":[{"embeddable":true,"href":"https:\/\/swarafulk.de\/en\/wp-json\/wp\/v2\/comments?post=1138"}],"version-history":[{"count":0,"href":"https:\/\/swarafulk.de\/en\/wp-json\/wp\/v2\/pages\/1138\/revisions"}],"wp:attachment":[{"href":"https:\/\/swarafulk.de\/en\/wp-json\/wp\/v2\/media?parent=1138"}],"curies":[{"name":"wp","href":"https:\/\/api.w.org\/{rel}","templated":true}]}}