{"id":1134,"date":"2015-11-21T01:32:04","date_gmt":"2015-11-21T00:32:04","guid":{"rendered":"https:\/\/swarafulk.de\/lager\/"},"modified":"2017-08-21T18:58:09","modified_gmt":"2017-08-21T16:58:09","slug":"lager","status":"publish","type":"page","link":"https:\/\/swarafulk.de\/en\/lager\/","title":{"rendered":"Camp"},"content":{"rendered":"<p>[et_pb_section bb_built=&#8221;1&#8243; fullwidth=&#8221;off&#8221; specialty=&#8221;off&#8221;][et_pb_row][et_pb_column type=&#8221;4_4&#8243;][et_pb_text admin_label=&#8221;Lager&#8221; _builder_version=&#8221;3.0.69&#8243; background_layout=&#8221;light&#8221; text_orientation=&#8221;left&#8221; border_style=&#8221;solid&#8221;]<\/p>\n<h1>Camp<\/h1>\n<p>&nbsp;[\/et_pb_text][et_pb_text admin_label=&#8221;Text %22\u00dcbrigens entspreche der Umfang des geschlagenen Lagers der &#8221; _builder_version=&#8221;3.0.69&#8243; background_layout=&#8221;light&#8221; text_orientation=&#8221;left&#8221; border_style=&#8221;solid&#8221;]<\/p>\n<blockquote><p>\u201cThe dimensions of the camps must be determined by the number of troops and quantity of baggage, that a large army may have room enough, and that a small one may not be obliged to extend itself beyond its proper ground.\u201d Flavius Vegetius Renatus, Epitoma rei militaris Book I, 22<\/p><\/blockquote>\n<p>[\/et_pb_text][et_pb_text admin_label=&#8221;Text In unserem Lagern wird gro\u00dfer Wert auf eine stimmige und gem\u00fctliche Atmosph\u00e4re gelegt. Wir wollen nicht nur historische Darsteller sein, sondern auch versuchen, die dargestellte Zeit zu leben.&#8221; _builder_version=&#8221;3.0.69&#8243; background_layout=&#8221;light&#8221; text_orientation=&#8221;left&#8221; border_style=&#8221;solid&#8221;]In our camp we set a high value on a coherent and comfortable atmosphereIn. We not only want to be historical actors, but also try to life the represent time.[\/et_pb_text][et_pb_gallery _builder_version=&#8221;3.0.69&#8243; posts_number=&#8221;8&#8243; show_title_and_caption=&#8221;off&#8221; show_pagination=&#8221;off&#8221; gallery_ids=&#8221;803,801,709,713,714,1214,1575,1479&#8243; fullwidth=&#8221;off&#8221; orientation=&#8221;landscape&#8221; zoom_icon_color=&#8221;#2ea3f2&#8243; hover_overlay_color=&#8221;rgba(255,255,255,0.9)&#8221; background_layout=&#8221;light&#8221; border_style=&#8221;solid&#8221; custom_css_gallery_item=&#8221;margin: 0 !important;||clear: none !important;||width: 25% !important;&#8221; auto=&#8221;off&#8221; \/][\/et_pb_column][\/et_pb_row][et_pb_row][et_pb_column type=&#8221;4_4&#8243;][et_pb_text admin_label=&#8221;Text Unser Lager ben\u00f6tigt eine Fl\u00e4che von circa 20 &#8221; _builder_version=&#8221;3.0.69&#8243; background_layout=&#8221;light&#8221; text_orientation=&#8221;left&#8221; border_style=&#8221;solid&#8221;]Our camp needs a area of about 20 to 20 meters. Center of the camp is our big roundtent, where most of the communal camplife takes place.[\/et_pb_text][et_pb_gallery admin_label=&#8221;Galerie Rundzelt&#8221; _builder_version=&#8221;3.0.69&#8243; posts_number=&#8221;50&#8243; show_title_and_caption=&#8221;off&#8221; show_pagination=&#8221;off&#8221; gallery_ids=&#8221;1609,1576,1577,1608&#8243; fullwidth=&#8221;off&#8221; orientation=&#8221;landscape&#8221; zoom_icon_color=&#8221;#2ea3f2&#8243; hover_overlay_color=&#8221;rgba(255,255,255,0.9)&#8221; background_layout=&#8221;light&#8221; border_style=&#8221;solid&#8221; custom_css_gallery_item=&#8221;margin: 0 !important;||clear: none !important;||width: 25% !important;&#8221; auto=&#8221;off&#8221; \/][\/et_pb_column][\/et_pb_row][et_pb_row][et_pb_column type=&#8221;4_4&#8243;][et_pb_text admin_label=&#8221;Text Bei besonderen Veranstaltungen kann auch der Nachbau, &#8221; _builder_version=&#8221;3.0.69&#8243; background_layout=&#8221;light&#8221; text_orientation=&#8221;left&#8221; border_style=&#8221;solid&#8221;]For special event, there can be demonstrated a reconstruction of a Roman carriage. It is a to modern road traffic act, adjusted and therefore not totally authntic mixture of carrus and carruca dormitoria.[\/et_pb_text][et_pb_gallery admin_label=&#8221;Galerie Wagen&#8221; _builder_version=&#8221;3.0.69&#8243; posts_number=&#8221;50&#8243; show_title_and_caption=&#8221;off&#8221; show_pagination=&#8221;off&#8221; gallery_ids=&#8221;910,1579,73&#8243; fullwidth=&#8221;off&#8221; orientation=&#8221;landscape&#8221; zoom_icon_color=&#8221;#2ea3f2&#8243; hover_overlay_color=&#8221;rgba(255,255,255,0.9)&#8221; background_layout=&#8221;light&#8221; border_style=&#8221;solid&#8221; custom_css_gallery_item=&#8221;margin: 0 !important;||clear: none !important;||width: 33.33% !important;&#8221; auto=&#8221;off&#8221; \/][\/et_pb_column][\/et_pb_row][\/et_pb_section]<\/p>\n","protected":false},"excerpt":{"rendered":"<p><div class=\"et_pb_row et_pb_row_0 et_pb_row_empty\">\n\t\t\t\t\n\t\t\t\t\n\t\t\t\t\n\t\t\t\t\n\t\t\t\t\n\t\t\t<\/div>Camp &nbsp;\u201cThe dimensions of the camps must be determined by the number of troops and quantity of baggage, that a large army may have room enough, and that a small [&hellip;]<\/p>\n","protected":false},"author":1,"featured_media":0,"parent":0,"menu_order":5,"comment_status":"closed","ping_status":"closed","template":"","meta":{"_bbp_topic_count":0,"_bbp_reply_count":0,"_bbp_total_topic_count":0,"_bbp_total_reply_count":0,"_bbp_voice_count":0,"_bbp_anonymous_reply_count":0,"_bbp_topic_count_hidden":0,"_bbp_reply_count_hidden":0,"_bbp_forum_subforum_count":0,"_et_pb_use_builder":"on","_et_pb_old_content":"<p><em>\"\u00dcbrigens entspreche der Umfang des geschlagenen Lagers der Anzahl der Krieger und des Trosses, und beachte als Regel: ein gro\u00dfes Heers sei nicht zu sehr eingeschr\u00e4nkt, und ein kleines nicht all zu weit ausgedehnt.\" <\/em>Flavius Vegetius Renatus,\u00a0<span lang=\"la\" xml:lang=\"la\">Epitoma rei militaris Buch<\/span>\u00a0I, 22<\/p><p>In unserem Lagern wird gro\u00dfer\u00a0Wert auf eine stimmige und gem\u00fctliche Atmosph\u00e4re gelegt. Wir wollen nicht nur historische Darsteller sein, sondern auch versuchen, die dargestellte Zeit zu leben.<\/p><p><a href=\"http:\/\/swarafulk.de\/wp-content\/uploads\/2016\/08\/14067893_1225480730849470_6581529053794186067_o.jpg\"><img class=\"alignnone wp-image-801\" src=\"http:\/\/swarafulk.de\/wp-content\/uploads\/2016\/08\/14067893_1225480730849470_6581529053794186067_o-300x200.jpg\" alt=\"14067893_1225480730849470_6581529053794186067_o\" width=\"297\" height=\"198\" data-headline=\"14067893_1225480730849470_6581529053794186067_o\" \/><\/a> <a href=\"http:\/\/swarafulk.de\/wp-content\/uploads\/2016\/08\/IMG_6042.jpg\"><img class=\"alignnone wp-image-803\" src=\"http:\/\/swarafulk.de\/wp-content\/uploads\/2016\/08\/IMG_6042-300x200.jpg\" alt=\"IMG_6042\" width=\"297\" height=\"198\" data-headline=\"IMG_6042\" \/><\/a><\/p><p>Unser Lager ben\u00f6tigt eine Fl\u00e4che von circa 20 auf 20 Meter. Im Zentrum steht\u00a0das gro\u00dfe Rundzelt, in dem der gr\u00f6\u00dfte Teil unseres gemeinschaftlichen Lagerlebens stattfindet.<\/p><p><a href=\"http:\/\/swarafulk.de\/wp-content\/uploads\/2015\/11\/JM-9750.jpg\"><img class=\"alignnone wp-image-48\" src=\"https:\/\/swarafulk.de\/wp-content\/uploads\/2015\/11\/JM-9750-300x200.jpg\" alt=\"JM-9750\" width=\"206\" height=\"137\" \/><\/a>\u00a0<a href=\"https:\/\/swarafulk.de\/wp-content\/uploads\/2016\/04\/IMG_2403.jpg\" target=\"_blank\" rel=\"attachment wp-att-709 noopener noreferrer\"><img class=\"alignnone wp-image-709\" src=\"https:\/\/swarafulk.de\/wp-content\/uploads\/2016\/04\/IMG_2403-300x200.jpg\" alt=\"IMG_2403\" width=\"208\" height=\"138\" data-headline=\"IMG_2403\" \/><\/a>\u00a0<a href=\"https:\/\/swarafulk.de\/wp-content\/uploads\/2017\/06\/IMG_3257.jpg\"><img class=\"alignnone wp-image-1214\" src=\"https:\/\/swarafulk.de\/wp-content\/uploads\/2017\/06\/IMG_3257-300x236.jpg\" alt=\"\" width=\"177\" height=\"140\" data-headline=\"IMG_3257\" \/><\/a><\/p><p>Bei besonderen Veranstaltungen kann auch der Nachbau, eines\u00a0einfachen r\u00f6mischen Reisewagens\u00a0vorgef\u00fchrt werden. Es handelt es sich um eine den heutigen Stra\u00dfenverkehrsvorschriften angepasste und\u00a0dadurch nicht v\u00f6llig authentischen Mischung aus <em>carrus<\/em> und <em>carruca dormitoria.<\/em><\/p><p><a href=\"http:\/\/swarafulk.de\/wp-content\/uploads\/2016\/10\/13575886_1188949921169218_4088928489706741726_o.jpg\"><img class=\"alignnone size-medium wp-image-910\" src=\"http:\/\/swarafulk.de\/wp-content\/uploads\/2016\/10\/13575886_1188949921169218_4088928489706741726_o-300x207.jpg\" alt=\"13575886_1188949921169218_4088928489706741726_o\" width=\"300\" height=\"207\" data-headline=\"13575886_1188949921169218_4088928489706741726_o\" \/><\/a>\u00a0<a href=\"http:\/\/swarafulk.de\/wp-content\/uploads\/2016\/10\/14500546_1262756713788538_3796099171483537163_o.jpg\"><img class=\"alignnone wp-image-917\" src=\"http:\/\/swarafulk.de\/wp-content\/uploads\/2016\/10\/14500546_1262756713788538_3796099171483537163_o-300x216.jpg\" alt=\"14500546_1262756713788538_3796099171483537163_o\" width=\"290\" height=\"209\" data-headline=\"14500546_1262756713788538_3796099171483537163_o\" \/><\/a><\/p><p>\u00a0<\/p>","_et_gb_content_width":"","footnotes":""},"class_list":["post-1134","page","type-page","status-publish","hentry"],"_links":{"self":[{"href":"https:\/\/swarafulk.de\/en\/wp-json\/wp\/v2\/pages\/1134","targetHints":{"allow":["GET"]}}],"collection":[{"href":"https:\/\/swarafulk.de\/en\/wp-json\/wp\/v2\/pages"}],"about":[{"href":"https:\/\/swarafulk.de\/en\/wp-json\/wp\/v2\/types\/page"}],"author":[{"embeddable":true,"href":"https:\/\/swarafulk.de\/en\/wp-json\/wp\/v2\/users\/1"}],"replies":[{"embeddable":true,"href":"https:\/\/swarafulk.de\/en\/wp-json\/wp\/v2\/comments?post=1134"}],"version-history":[{"count":0,"href":"https:\/\/swarafulk.de\/en\/wp-json\/wp\/v2\/pages\/1134\/revisions"}],"wp:attachment":[{"href":"https:\/\/swarafulk.de\/en\/wp-json\/wp\/v2\/media?parent=1134"}],"curies":[{"name":"wp","href":"https:\/\/api.w.org\/{rel}","templated":true}]}}